{"id":375,"date":"2023-09-04T00:40:50","date_gmt":"2023-09-03T21:40:50","guid":{"rendered":"https:\/\/metrik8.com.tr\/?page_id=375"},"modified":"2023-09-20T11:34:51","modified_gmt":"2023-09-20T08:34:51","slug":"referanslarimiz","status":"publish","type":"page","link":"https:\/\/metrik8.com.tr\/index.php\/referanslarimiz\/","title":{"rendered":"\u00c7\u00f6z\u00fcm Ortaklar\u0131m\u0131z"},"content":{"rendered":"\n<figure class=\"wp-block-gallery has-nested-images columns-default is-cropped wp-block-gallery-1 is-layout-flex wp-block-gallery-is-layout-flex\">\n<figure class=\"wp-block-image size-large\"><img loading=\"lazy\" decoding=\"async\" width=\"1024\" height=\"539\" data-id=\"505\" src=\"https:\/\/metrik8.com.tr\/wp-content\/uploads\/2023\/09\/3M-2-1024x539.png\" alt=\"\" class=\"wp-image-505\" srcset=\"https:\/\/metrik8.com.tr\/wp-content\/uploads\/2023\/09\/3M-2-1024x539.png 1024w, https:\/\/metrik8.com.tr\/wp-content\/uploads\/2023\/09\/3M-2-300x158.png 300w, https:\/\/metrik8.com.tr\/wp-content\/uploads\/2023\/09\/3M-2-768x404.png 768w, https:\/\/metrik8.com.tr\/wp-content\/uploads\/2023\/09\/3M-2-1536x809.png 1536w, https:\/\/metrik8.com.tr\/wp-content\/uploads\/2023\/09\/3M-2-2048x1078.png 2048w\" sizes=\"auto, (max-width: 1024px) 100vw, 1024px\" \/><\/figure>\n\n\n\n<figure class=\"wp-block-image size-large\"><img loading=\"lazy\" decoding=\"async\" width=\"666\" height=\"151\" data-id=\"509\" src=\"https:\/\/metrik8.com.tr\/wp-content\/uploads\/2023\/09\/Frimpeks-1.png\" alt=\"\" class=\"wp-image-509\" srcset=\"https:\/\/metrik8.com.tr\/wp-content\/uploads\/2023\/09\/Frimpeks-1.png 666w, https:\/\/metrik8.com.tr\/wp-content\/uploads\/2023\/09\/Frimpeks-1-300x68.png 300w\" sizes=\"auto, (max-width: 666px) 100vw, 666px\" \/><\/figure>\n\n\n\n<figure class=\"wp-block-image size-large\"><img loading=\"lazy\" decoding=\"async\" width=\"1024\" height=\"576\" data-id=\"506\" src=\"https:\/\/metrik8.com.tr\/wp-content\/uploads\/2023\/09\/Fujifilm-2-1024x576.png\" alt=\"\" class=\"wp-image-506\" srcset=\"https:\/\/metrik8.com.tr\/wp-content\/uploads\/2023\/09\/Fujifilm-2-1024x576.png 1024w, https:\/\/metrik8.com.tr\/wp-content\/uploads\/2023\/09\/Fujifilm-2-300x169.png 300w, https:\/\/metrik8.com.tr\/wp-content\/uploads\/2023\/09\/Fujifilm-2-768x432.png 768w, https:\/\/metrik8.com.tr\/wp-content\/uploads\/2023\/09\/Fujifilm-2-1536x864.png 1536w, https:\/\/metrik8.com.tr\/wp-content\/uploads\/2023\/09\/Fujifilm-2-2048x1152.png 2048w\" sizes=\"auto, (max-width: 1024px) 100vw, 1024px\" \/><\/figure>\n\n\n\n<figure class=\"wp-block-image size-large\"><img loading=\"lazy\" decoding=\"async\" width=\"379\" height=\"133\" data-id=\"504\" src=\"https:\/\/metrik8.com.tr\/wp-content\/uploads\/2023\/09\/oracal-2.png\" alt=\"\" class=\"wp-image-504\" srcset=\"https:\/\/metrik8.com.tr\/wp-content\/uploads\/2023\/09\/oracal-2.png 379w, https:\/\/metrik8.com.tr\/wp-content\/uploads\/2023\/09\/oracal-2-300x105.png 300w\" sizes=\"auto, (max-width: 379px) 100vw, 379px\" \/><\/figure>\n\n\n\n<figure class=\"wp-block-image size-large\"><img loading=\"lazy\" decoding=\"async\" width=\"453\" height=\"111\" data-id=\"508\" src=\"https:\/\/metrik8.com.tr\/wp-content\/uploads\/2023\/09\/Pleksan-1.png\" alt=\"\" class=\"wp-image-508\" srcset=\"https:\/\/metrik8.com.tr\/wp-content\/uploads\/2023\/09\/Pleksan-1.png 453w, https:\/\/metrik8.com.tr\/wp-content\/uploads\/2023\/09\/Pleksan-1-300x74.png 300w\" sizes=\"auto, (max-width: 453px) 100vw, 453px\" \/><\/figure>\n\n\n\n<figure class=\"wp-block-image size-large\"><img loading=\"lazy\" decoding=\"async\" width=\"1024\" height=\"250\" data-id=\"507\" src=\"https:\/\/metrik8.com.tr\/wp-content\/uploads\/2023\/09\/Zenit-1-1024x250.png\" alt=\"\" class=\"wp-image-507\" srcset=\"https:\/\/metrik8.com.tr\/wp-content\/uploads\/2023\/09\/Zenit-1-1024x250.png 1024w, https:\/\/metrik8.com.tr\/wp-content\/uploads\/2023\/09\/Zenit-1-300x73.png 300w, https:\/\/metrik8.com.tr\/wp-content\/uploads\/2023\/09\/Zenit-1-768x188.png 768w, https:\/\/metrik8.com.tr\/wp-content\/uploads\/2023\/09\/Zenit-1-1536x375.png 1536w, https:\/\/metrik8.com.tr\/wp-content\/uploads\/2023\/09\/Zenit-1-2048x500.png 2048w\" sizes=\"auto, (max-width: 1024px) 100vw, 1024px\" \/><\/figure>\n<\/figure>\n\n\n\n<p><\/p>\n","protected":false},"excerpt":{"rendered":"","protected":false},"author":1,"featured_media":0,"parent":0,"menu_order":0,"comment_status":"closed","ping_status":"closed","template":"","meta":{"footnotes":""},"class_list":["post-375","page","type-page","status-publish","hentry"],"_links":{"self":[{"href":"https:\/\/metrik8.com.tr\/index.php\/wp-json\/wp\/v2\/pages\/375","targetHints":{"allow":["GET"]}}],"collection":[{"href":"https:\/\/metrik8.com.tr\/index.php\/wp-json\/wp\/v2\/pages"}],"about":[{"href":"https:\/\/metrik8.com.tr\/index.php\/wp-json\/wp\/v2\/types\/page"}],"author":[{"embeddable":true,"href":"https:\/\/metrik8.com.tr\/index.php\/wp-json\/wp\/v2\/users\/1"}],"replies":[{"embeddable":true,"href":"https:\/\/metrik8.com.tr\/index.php\/wp-json\/wp\/v2\/comments?post=375"}],"version-history":[{"count":3,"href":"https:\/\/metrik8.com.tr\/index.php\/wp-json\/wp\/v2\/pages\/375\/revisions"}],"predecessor-version":[{"id":510,"href":"https:\/\/metrik8.com.tr\/index.php\/wp-json\/wp\/v2\/pages\/375\/revisions\/510"}],"wp:attachment":[{"href":"https:\/\/metrik8.com.tr\/index.php\/wp-json\/wp\/v2\/media?parent=375"}],"curies":[{"name":"wp","href":"https:\/\/api.w.org\/{rel}","templated":true}]}}